{"id":47,"date":"2021-02-12T08:32:41","date_gmt":"2021-02-12T08:32:41","guid":{"rendered":"https:\/\/tumedicointernista.com\/?page_id=47"},"modified":"2021-02-12T17:29:10","modified_gmt":"2021-02-12T17:29:10","slug":"servicios","status":"publish","type":"page","link":"https:\/\/tumedicointernista.com\/index.php\/servicios\/","title":{"rendered":"Servicios"},"content":{"rendered":"\n<p>Lista completa de servicios que te ofrecemos:<\/p>\n\n\n\n<ul class=\"wp-block-list\"><li>Consulta de Medico Internista a domicilio<\/li><li>Consulta virtual<\/li><li>Hospitalizacion<\/li><li>Electrocardiograma<\/li><li>Colocacion de sonda nasog\u00e1strica<\/li><li>Colocaci\u00f3n de sonda urinaria (Foley)<\/li><li>Interpretacion de ex\u00e1menes m\u00e9dicos<\/li><li>Colocacion de cat\u00e9ter venoso central<\/li><li>Valoracion preoperatoria<\/li><li>Educacion de forma personal para paciente-familiar en enfermedades cr\u00f3nicas, terminales, hepatitis y vih<\/li><li>Educacion de forma virtual (por plataforma) para paciente-familiar en enfermedades cr\u00f3nicas, terminales, hepatitis y vih<\/li><li>Certificados de defuncion<\/li><\/ul>\n","protected":false},"excerpt":{"rendered":"<p>Lista completa de servicios que te ofrecemos: Consulta de Medico Internista a domicilio Consulta virtual Hospitalizacion Electrocardiograma Colocacion de sonda nasog\u00e1strica Colocaci\u00f3n de sonda urinaria (Foley) Interpretacion de ex\u00e1menes m\u00e9dicos Colocacion de cat\u00e9ter venoso central Valoracion preoperatoria Educacion de forma personal para paciente-familiar en enfermedades cr\u00f3nicas, terminales, hepatitis y vih Educacion de forma virtual (por&#8230;<\/p>\n","protected":false},"author":1,"featured_media":0,"parent":0,"menu_order":0,"comment_status":"closed","ping_status":"closed","template":"","meta":{"footnotes":""},"class_list":["post-47","page","type-page","status-publish","hentry"],"_links":{"self":[{"href":"https:\/\/tumedicointernista.com\/index.php\/wp-json\/wp\/v2\/pages\/47"}],"collection":[{"href":"https:\/\/tumedicointernista.com\/index.php\/wp-json\/wp\/v2\/pages"}],"about":[{"href":"https:\/\/tumedicointernista.com\/index.php\/wp-json\/wp\/v2\/types\/page"}],"author":[{"embeddable":true,"href":"https:\/\/tumedicointernista.com\/index.php\/wp-json\/wp\/v2\/users\/1"}],"replies":[{"embeddable":true,"href":"https:\/\/tumedicointernista.com\/index.php\/wp-json\/wp\/v2\/comments?post=47"}],"version-history":[{"count":1,"href":"https:\/\/tumedicointernista.com\/index.php\/wp-json\/wp\/v2\/pages\/47\/revisions"}],"predecessor-version":[{"id":48,"href":"https:\/\/tumedicointernista.com\/index.php\/wp-json\/wp\/v2\/pages\/47\/revisions\/48"}],"wp:attachment":[{"href":"https:\/\/tumedicointernista.com\/index.php\/wp-json\/wp\/v2\/media?parent=47"}],"curies":[{"name":"wp","href":"https:\/\/api.w.org\/{rel}","templated":true}]}}