{"id":71,"date":"2021-02-12T17:15:27","date_gmt":"2021-02-12T17:15:27","guid":{"rendered":"https:\/\/tumedicointernista.com\/?page_id=71"},"modified":"2021-02-22T17:17:59","modified_gmt":"2021-02-22T17:17:59","slug":"quienes-somos","status":"publish","type":"page","link":"https:\/\/tumedicointernista.com\/index.php\/quienes-somos\/","title":{"rendered":"Con\u00f3cenos"},"content":{"rendered":"\n<figure class=\"wp-block-image size-large is-style-default\"><img loading=\"lazy\" decoding=\"async\" width=\"480\" height=\"499\" src=\"https:\/\/tumedicointernista.com\/wp-content\/uploads\/2021\/02\/Foto.jpg\" alt=\"\" class=\"wp-image-102\" srcset=\"https:\/\/tumedicointernista.com\/wp-content\/uploads\/2021\/02\/Foto.jpg 480w, https:\/\/tumedicointernista.com\/wp-content\/uploads\/2021\/02\/Foto-289x300.jpg 289w, https:\/\/tumedicointernista.com\/wp-content\/uploads\/2021\/02\/Foto-216x225.jpg 216w\" sizes=\"(max-width: 480px) 100vw, 480px\" \/><figcaption><strong><em><a href=\"https:\/\/directorio.eleonor.mx\/directory\/myriam-torres-cardenas\/p\/1kai6y28jr4?f=true\" data-type=\"URL\" data-id=\"https:\/\/directorio.eleonor.mx\/directory\/myriam-torres-cardenas\/p\/1kai6y28jr4?f=true\">Doctora Myriam Torres C\u00e1rdenas<\/a><\/em><\/strong><\/figcaption><\/figure>\n\n\n\n<p>Formaci\u00f3n:<\/p>\n\n\n\n<ul class=\"wp-block-list\"><li>M\u00e9dico Cirujano y Partero UANL 4684407<\/li><li>Medicina Interna UAT 10342008<\/li><li>Maestria UVM 11860832<\/li><li>Certificada por el Consejo Mexicano de Medicina Interna<\/li><li>Miembro de la American College of Physicians<\/li><li>Miembro del Colegio Mexicano de Medicina Interna<\/li><li>Abordaje Integral Para el manejo del paciente con infecci\u00f3n por VIH. Sociedad de Investigaci\u00f3n y Docencia en Virolog\u00eda SIDVI. Universidad La Salle<\/li><\/ul>\n\n\n\n<p><\/p>\n\n\n\n<p>Y m\u00e1s<\/p>\n","protected":false},"excerpt":{"rendered":"<p>Formaci\u00f3n: M\u00e9dico Cirujano y Partero UANL 4684407 Medicina Interna UAT 10342008 Maestria UVM 11860832 Certificada por el Consejo Mexicano de Medicina Interna Miembro de la American College of Physicians Miembro del Colegio Mexicano de Medicina Interna Abordaje Integral Para el manejo del paciente con infecci\u00f3n por VIH. Sociedad de Investigaci\u00f3n y Docencia en Virolog\u00eda SIDVI&#8230;.<\/p>\n","protected":false},"author":1,"featured_media":0,"parent":0,"menu_order":0,"comment_status":"closed","ping_status":"closed","template":"","meta":{"footnotes":""},"class_list":["post-71","page","type-page","status-publish","hentry"],"_links":{"self":[{"href":"https:\/\/tumedicointernista.com\/index.php\/wp-json\/wp\/v2\/pages\/71"}],"collection":[{"href":"https:\/\/tumedicointernista.com\/index.php\/wp-json\/wp\/v2\/pages"}],"about":[{"href":"https:\/\/tumedicointernista.com\/index.php\/wp-json\/wp\/v2\/types\/page"}],"author":[{"embeddable":true,"href":"https:\/\/tumedicointernista.com\/index.php\/wp-json\/wp\/v2\/users\/1"}],"replies":[{"embeddable":true,"href":"https:\/\/tumedicointernista.com\/index.php\/wp-json\/wp\/v2\/comments?post=71"}],"version-history":[{"count":15,"href":"https:\/\/tumedicointernista.com\/index.php\/wp-json\/wp\/v2\/pages\/71\/revisions"}],"predecessor-version":[{"id":121,"href":"https:\/\/tumedicointernista.com\/index.php\/wp-json\/wp\/v2\/pages\/71\/revisions\/121"}],"wp:attachment":[{"href":"https:\/\/tumedicointernista.com\/index.php\/wp-json\/wp\/v2\/media?parent=71"}],"curies":[{"name":"wp","href":"https:\/\/api.w.org\/{rel}","templated":true}]}}