{"id":74,"date":"2021-02-12T17:17:01","date_gmt":"2021-02-12T17:17:01","guid":{"rendered":"https:\/\/tumedicointernista.com\/?page_id=74"},"modified":"2021-02-12T17:17:03","modified_gmt":"2021-02-12T17:17:03","slug":"enfermedades-tratadas","status":"publish","type":"page","link":"https:\/\/tumedicointernista.com\/index.php\/enfermedades-tratadas\/","title":{"rendered":"Enfermedades Tratadas"},"content":{"rendered":"\n<ul class=\"wp-block-list\"><li>COVID<\/li><li>Diabetes y sus complicaciones<\/li><li>Hipertension arterial (presi\u00f3n alta) y sus complicaciones<\/li><li>Dislipidemia (elevaci\u00f3n en grasas)<\/li><li>Pacientes con embolia<\/li><li>Atenci\u00f3n a pacientes con c\u00e1ncer y sus complicaciones<\/li><li>Cirrosis hep\u00e1tica y sus complicaciones como ascitis, encefalopat\u00eda<\/li><li>VIH y sus co-afecciones<\/li><li>Enfermedades de transmisi\u00f3n sexual<\/li><li>Hepatitis C<\/li><\/ul>\n","protected":false},"excerpt":{"rendered":"<p>COVID Diabetes y sus complicaciones Hipertension arterial (presi\u00f3n alta) y sus complicaciones Dislipidemia (elevaci\u00f3n en grasas) Pacientes con embolia Atenci\u00f3n a pacientes con c\u00e1ncer y sus complicaciones Cirrosis hep\u00e1tica y sus complicaciones como ascitis, encefalopat\u00eda VIH y sus co-afecciones Enfermedades de transmisi\u00f3n sexual Hepatitis C<\/p>\n","protected":false},"author":1,"featured_media":0,"parent":0,"menu_order":0,"comment_status":"closed","ping_status":"closed","template":"","meta":{"footnotes":""},"class_list":["post-74","page","type-page","status-publish","hentry"],"_links":{"self":[{"href":"https:\/\/tumedicointernista.com\/index.php\/wp-json\/wp\/v2\/pages\/74"}],"collection":[{"href":"https:\/\/tumedicointernista.com\/index.php\/wp-json\/wp\/v2\/pages"}],"about":[{"href":"https:\/\/tumedicointernista.com\/index.php\/wp-json\/wp\/v2\/types\/page"}],"author":[{"embeddable":true,"href":"https:\/\/tumedicointernista.com\/index.php\/wp-json\/wp\/v2\/users\/1"}],"replies":[{"embeddable":true,"href":"https:\/\/tumedicointernista.com\/index.php\/wp-json\/wp\/v2\/comments?post=74"}],"version-history":[{"count":1,"href":"https:\/\/tumedicointernista.com\/index.php\/wp-json\/wp\/v2\/pages\/74\/revisions"}],"predecessor-version":[{"id":75,"href":"https:\/\/tumedicointernista.com\/index.php\/wp-json\/wp\/v2\/pages\/74\/revisions\/75"}],"wp:attachment":[{"href":"https:\/\/tumedicointernista.com\/index.php\/wp-json\/wp\/v2\/media?parent=74"}],"curies":[{"name":"wp","href":"https:\/\/api.w.org\/{rel}","templated":true}]}}